{"id":10307,"date":"2024-01-24T15:32:42","date_gmt":"2024-01-24T14:32:42","guid":{"rendered":"https:\/\/easy-reservations.de\/?page_id=10307"},"modified":"2024-06-19T09:53:48","modified_gmt":"2024-06-19T08:53:48","slug":"website","status":"publish","type":"page","link":"https:\/\/easy-reservations.de\/nb\/nettsted\/","title":{"rendered":"nettsted"},"content":{"rendered":"<div data-elementor-type=\"wp-page\" data-elementor-id=\"10307\" class=\"elementor elementor-10307\" data-elementor-post-type=\"page\">\n\t\t\t\t\t\t<section class=\"elementor-section elementor-top-section elementor-element elementor-element-5112e7d5 elementor-section-boxed elementor-section-height-default elementor-section-height-default\" data-id=\"5112e7d5\" data-element_type=\"section\">\n\t\t\t\t\t\t<div class=\"elementor-container elementor-column-gap-default\">\n\t\t\t\t\t<div class=\"elementor-column elementor-col-100 elementor-top-column elementor-element elementor-element-7f90f2b3\" data-id=\"7f90f2b3\" data-element_type=\"column\">\n\t\t\t<div class=\"elementor-widget-wrap elementor-element-populated\">\n\t\t\t\t\t\t<div class=\"elementor-element elementor-element-3c5c224 elementor-widget elementor-widget-heading\" data-id=\"3c5c224\" data-element_type=\"widget\" data-widget_type=\"heading.default\">\n\t\t\t\t<div class=\"elementor-widget-container\">\n\t\t\t<style>\/*! elementor - v3.22.0 - 17-06-2024 *\/\n.elementor-heading-title{padding:0;margin:0;line-height:1}.elementor-widget-heading .elementor-heading-title[class*=elementor-size-]>a{color:inherit;font-size:inherit;line-height:inherit}.elementor-widget-heading .elementor-heading-title.elementor-size-small{font-size:15px}.elementor-widget-heading .elementor-heading-title.elementor-size-medium{font-size:19px}.elementor-widget-heading .elementor-heading-title.elementor-size-large{font-size:29px}.elementor-widget-heading .elementor-heading-title.elementor-size-xl{font-size:39px}.elementor-widget-heading .elementor-heading-title.elementor-size-xxl{font-size:59px}<\/style><h2 class=\"elementor-heading-title elementor-size-default\">Nettsidemaler<\/h2>\t\t<\/div>\n\t\t\t\t<\/div>\n\t\t\t\t<div class=\"elementor-element elementor-element-500988c elementor-widget elementor-widget-text-editor\" data-id=\"500988c\" data-element_type=\"widget\" data-widget_type=\"text-editor.default\">\n\t\t\t\t<div class=\"elementor-widget-container\">\n\t\t\t<style>\/*! elementor - v3.22.0 - 17-06-2024 *\/\n.elementor-widget-text-editor.elementor-drop-cap-view-stacked .elementor-drop-cap{background-color:#69727d;color:#fff}.elementor-widget-text-editor.elementor-drop-cap-view-framed .elementor-drop-cap{color:#69727d;border:3px solid;background-color:transparent}.elementor-widget-text-editor:not(.elementor-drop-cap-view-default) .elementor-drop-cap{margin-top:8px}.elementor-widget-text-editor:not(.elementor-drop-cap-view-default) .elementor-drop-cap-letter{width:1em;height:1em}.elementor-widget-text-editor .elementor-drop-cap{float:left;text-align:center;line-height:1;font-size:50px}.elementor-widget-text-editor .elementor-drop-cap-letter{display:inline-block}<\/style>\t\t\t\t<p>Enkelt, raskt og effektivt \u2013 slik optimerer du bordbestillingene dine med EasyReservations.<\/p>\t\t\t\t\t\t<\/div>\n\t\t\t\t<\/div>\n\t\t\t\t<div class=\"elementor-element elementor-element-ded471f elementor-widget elementor-widget-heading\" data-id=\"ded471f\" data-element_type=\"widget\" data-widget_type=\"heading.default\">\n\t\t\t\t<div class=\"elementor-widget-container\">\n\t\t\t<h2 class=\"elementor-heading-title elementor-size-default\">fra 390 EUR<\/h2>\t\t<\/div>\n\t\t\t\t<\/div>\n\t\t\t\t<div class=\"elementor-element elementor-element-6ef692a elementor-align-center elementor-widget elementor-widget-button\" data-id=\"6ef692a\" data-element_type=\"widget\" data-widget_type=\"button.default\">\n\t\t\t\t<div class=\"elementor-widget-container\">\n\t\t\t\t\t<div class=\"elementor-button-wrapper\">\n\t\t\t<a class=\"elementor-button elementor-button-link elementor-size-sm\" href=\"#elementor-action:action=popup:open&settings=eyJpZCI6IjEwMzI0IiwidG9nZ2xlIjpmYWxzZX0=\">\n\t\t\t\t\t\t<span class=\"elementor-button-content-wrapper\">\n\t\t\t\t\t\t\t\t\t<span class=\"elementor-button-text\">Ekspertdiskusjon<\/span>\n\t\t\t\t\t<\/span>\n\t\t\t\t\t<\/a>\n\t\t<\/div>\n\t\t\t\t<\/div>\n\t\t\t\t<\/div>\n\t\t\t\t<div class=\"elementor-element elementor-element-5f6f1ede elementor-widget elementor-widget-text-editor\" data-id=\"5f6f1ede\" data-element_type=\"widget\" data-widget_type=\"text-editor.default\">\n\t\t\t\t<div class=\"elementor-widget-container\">\n\t\t\t\t\t\t\t<!-- wp:html -->\n<p><iframe style=\"border: none;\" src=\"https:\/\/sites-by-oliver.com\/restaurant\" width=\"100%\" height=\"1400\"><\/iframe><\/p>\n<!-- \/wp:html -->\t\t\t\t\t\t<\/div>\n\t\t\t\t<\/div>\n\t\t\t\t\t<\/div>\n\t\t<\/div>\n\t\t\t\t\t<\/div>\n\t\t<\/section>\n\t\t\t\t<section class=\"elementor-section elementor-top-section elementor-element elementor-element-3f971a5 elementor-section-boxed elementor-section-height-default elementor-section-height-default\" data-id=\"3f971a5\" data-element_type=\"section\">\n\t\t\t\t\t\t<div class=\"elementor-container elementor-column-gap-default\">\n\t\t\t\t\t<div class=\"elementor-column elementor-col-100 elementor-top-column elementor-element elementor-element-a31e4cb\" data-id=\"a31e4cb\" data-element_type=\"column\">\n\t\t\t<div class=\"elementor-widget-wrap elementor-element-populated\">\n\t\t\t\t\t\t<div class=\"elementor-element elementor-element-53b931e elementor-widget elementor-widget-text-editor\" data-id=\"53b931e\" data-element_type=\"widget\" data-widget_type=\"text-editor.default\">\n\t\t\t\t<div class=\"elementor-widget-container\">\n\t\t\t\t\t\t\t<h3>Skreddersydde nettsider for ditt reservasjonssystem<\/h3>\n<p>Velkommen til Easy Reservations! Enten du driver en kaf\u00e9, restaurant, bar eller annen gjestfrihetsvirksomhet, har vi det perfekte online bordbestillingssystemet for deg. V\u00e5re skreddersydde nettsider er spesielt utviklet for \u00e5 administrere bestillingene dine effektivt og uten ekstra bestillingsgebyrer.<\/p>\n<p><strong>Individuelle justeringer og maler:<\/strong> Du kan velge mellom en rekke profesjonelt utformede maler eller f\u00e5 laget et helt tilpasset nettsted for bare 390 euro. V\u00e5rt rimelige og allsidige system gir deg alle funksjonene du trenger for \u00e5 administrere bordbestillingene dine enkelt og effektivt.<\/p>\n<h4><strong>V\u00e5re fordeler:<\/strong><\/h4>\n<ul>\n<li><strong>Ingen skjulte kostnader:<\/strong> Ingen ekstra avgifter per bestilling.<\/li>\n<li><strong>Fleksibilitet og tilpasningsevne:<\/strong> V\u00e5rt reservasjonssystem tilpasser seg dine spesifikke behov.<\/li>\n<li><strong>Brukervennlighet:<\/strong> Enkel \u00e5 bruke for b\u00e5de deg og dine kunder.<\/li>\n<li><strong>Profesjonell design:<\/strong> Velg mellom ulike maler eller f\u00e5 opprettet en individuell nettside.<\/li>\n<\/ul>\n<h4><strong>Hvorfor enkle reservasjoner?<\/strong><\/h4>\n<p>Med Easy-Reservations f\u00e5r du ikke bare et kraftig reservasjonssystem, men ogs\u00e5 en profesjonell nettside som perfekt representerer din merkevare. V\u00e5re skreddersydde l\u00f8sninger er ideelle for enhver type gjestfrihetsvirksomhet, det v\u00e6re seg en kaf\u00e9, restaurant eller bar. Kom i gang i dag med v\u00e5rt fleksible og kostnadseffektive system og optimaliser bordbestillingene dine uten ekstra bestillingsgebyr.<\/p>\n<p>\u00a0<\/p>\t\t\t\t\t\t<\/div>\n\t\t\t\t<\/div>\n\t\t\t\t<div class=\"elementor-element elementor-element-e8a8aeb elementor-align-center elementor-widget elementor-widget-button\" data-id=\"e8a8aeb\" data-element_type=\"widget\" data-widget_type=\"button.default\">\n\t\t\t\t<div class=\"elementor-widget-container\">\n\t\t\t\t\t<div class=\"elementor-button-wrapper\">\n\t\t\t<a class=\"elementor-button elementor-button-link elementor-size-sm\" href=\"#elementor-action:action=popup:open&settings=eyJpZCI6IjEwMzI0IiwidG9nZ2xlIjpmYWxzZX0=\">\n\t\t\t\t\t\t<span class=\"elementor-button-content-wrapper\">\n\t\t\t\t\t\t\t\t\t<span class=\"elementor-button-text\">Kontakt n\u00e5!<\/span>\n\t\t\t\t\t<\/span>\n\t\t\t\t\t<\/a>\n\t\t<\/div>\n\t\t\t\t<\/div>\n\t\t\t\t<\/div>\n\t\t\t\t\t<\/div>\n\t\t<\/div>\n\t\t\t\t\t<\/div>\n\t\t<\/section>\n\t\t\t\t<\/div>","protected":false},"excerpt":{"rendered":"<p>Website Templates Einfach, schnell und effizient \u2013 so optimieren Sie Ihre Tischreservierungen mit EasyReservations. ab 390,- EUR Expertengespr\u00e4ch Ma\u00dfgeschneiderte Websites f\u00fcr Ihr Reservierungssystem Willkommen bei Easy-Reservations! Egal, ob Sie ein Caf\u00e9, Restaurant, eine Bar oder ein anderes Gastgewerbe betreiben \u2013 wir haben das perfekte Online-Tischreservierungssystem f\u00fcr Sie. Unsere ma\u00dfgeschneiderten Websites sind speziell darauf ausgelegt, Ihre &hellip;<\/p>\n<p class=\"read-more\"> <a class=\"\" href=\"https:\/\/easy-reservations.de\/nb\/nettsted\/\"> <span class=\"screen-reader-text\">nettsted<\/span> Les mer &raquo;<\/a><\/p>","protected":false},"author":6,"featured_media":0,"parent":0,"menu_order":0,"comment_status":"closed","ping_status":"closed","template":"","meta":{"site-sidebar-layout":"default","site-content-layout":"default","ast-global-header-display":"","ast-banner-title-visibility":"","ast-main-header-display":"","ast-hfb-above-header-display":"","ast-hfb-below-header-display":"","ast-hfb-mobile-header-display":"","site-post-title":"","ast-breadcrumbs-content":"","ast-featured-img":"","footer-sml-layout":"","theme-transparent-header-meta":"","adv-header-id-meta":"","stick-header-meta":"","header-above-stick-meta":"","header-main-stick-meta":"","header-below-stick-meta":"","footnotes":""},"categories":[],"tags":[],"yoast_head":"<!-- This site is optimized with the Yoast SEO plugin v22.9 - https:\/\/yoast.com\/wordpress\/plugins\/seo\/ -->\n<title>Website - EasyReservations<\/title>\n<meta name=\"description\" content=\"Buchen Sie einfach und bequem Ihren Tisch online mit unserem Reservierungssystem. Garantierte Pl\u00e4tze und flexible Optionen bei Easy Reservations.\" \/>\n<meta name=\"robots\" content=\"index, follow, max-snippet:-1, max-image-preview:large, max-video-preview:-1\" \/>\n<link rel=\"canonical\" href=\"https:\/\/easy-reservations.de\/nb\/nettsted\/\" \/>\n<meta property=\"og:locale\" content=\"nb_NO\" \/>\n<meta property=\"og:type\" content=\"article\" \/>\n<meta property=\"og:title\" content=\"Website - EasyReservations\" \/>\n<meta property=\"og:description\" content=\"Buchen Sie einfach und bequem Ihren Tisch online mit unserem Reservierungssystem. Garantierte Pl\u00e4tze und flexible Optionen bei Easy Reservations.\" \/>\n<meta property=\"og:url\" content=\"https:\/\/easy-reservations.de\/nb\/nettsted\/\" \/>\n<meta property=\"og:site_name\" content=\"EasyReservations\" \/>\n<meta property=\"article:modified_time\" content=\"2024-06-19T08:53:48+00:00\" \/>\n<meta name=\"twitter:card\" content=\"summary_large_image\" \/>\n<meta name=\"twitter:label1\" content=\"Ansl. lesetid\" \/>\n\t<meta name=\"twitter:data1\" content=\"2 minutter\" \/>\n<script type=\"application\/ld+json\" class=\"yoast-schema-graph\">{\"@context\":\"https:\/\/schema.org\",\"@graph\":[{\"@type\":\"WebPage\",\"@id\":\"https:\/\/easy-reservations.de\/website\/\",\"url\":\"https:\/\/easy-reservations.de\/website\/\",\"name\":\"Website - EasyReservations\",\"isPartOf\":{\"@id\":\"https:\/\/easy-reservations.de\/nb\/#website\"},\"datePublished\":\"2024-01-24T14:32:42+00:00\",\"dateModified\":\"2024-06-19T08:53:48+00:00\",\"description\":\"Buchen Sie einfach und bequem Ihren Tisch online mit unserem Reservierungssystem. Garantierte Pl\u00e4tze und flexible Optionen bei Easy Reservations.\",\"breadcrumb\":{\"@id\":\"https:\/\/easy-reservations.de\/website\/#breadcrumb\"},\"inLanguage\":\"nb-NO\",\"potentialAction\":[{\"@type\":\"ReadAction\",\"target\":[\"https:\/\/easy-reservations.de\/website\/\"]}]},{\"@type\":\"BreadcrumbList\",\"@id\":\"https:\/\/easy-reservations.de\/website\/#breadcrumb\",\"itemListElement\":[{\"@type\":\"ListItem\",\"position\":1,\"name\":\"Startseite\",\"item\":\"https:\/\/easy-reservations.de\/\"},{\"@type\":\"ListItem\",\"position\":2,\"name\":\"Website\"}]},{\"@type\":\"WebSite\",\"@id\":\"https:\/\/easy-reservations.de\/nb\/#website\",\"url\":\"https:\/\/easy-reservations.de\/nb\/\",\"name\":\"EasyReservations\",\"description\":\"Digitale Tischverwaltung\",\"publisher\":{\"@id\":\"https:\/\/easy-reservations.de\/nb\/#organization\"},\"potentialAction\":[{\"@type\":\"SearchAction\",\"target\":{\"@type\":\"EntryPoint\",\"urlTemplate\":\"https:\/\/easy-reservations.de\/nb\/?s={search_term_string}\"},\"query-input\":\"required name=search_term_string\"}],\"inLanguage\":\"nb-NO\"},{\"@type\":\"Organization\",\"@id\":\"https:\/\/easy-reservations.de\/nb\/#organization\",\"name\":\"EasyReservations\",\"url\":\"https:\/\/easy-reservations.de\/nb\/\",\"logo\":{\"@type\":\"ImageObject\",\"inLanguage\":\"nb-NO\",\"@id\":\"https:\/\/easy-reservations.de\/nb\/#\/schema\/logo\/image\/\",\"url\":\"https:\/\/easy-reservations.de\/wp-content\/uploads\/2023\/02\/cropped-Zeichenflaeche-2-Kopie.png\",\"contentUrl\":\"https:\/\/easy-reservations.de\/wp-content\/uploads\/2023\/02\/cropped-Zeichenflaeche-2-Kopie.png\",\"width\":1813,\"height\":207,\"caption\":\"EasyReservations\"},\"image\":{\"@id\":\"https:\/\/easy-reservations.de\/nb\/#\/schema\/logo\/image\/\"}}]}<\/script>\n<!-- \/ Yoast SEO plugin. -->","yoast_head_json":{"title":"Website - EasyReservations","description":"Buchen Sie einfach und bequem Ihren Tisch online mit unserem Reservierungssystem. Garantierte Pl\u00e4tze und flexible Optionen bei Easy Reservations.","robots":{"index":"index","follow":"follow","max-snippet":"max-snippet:-1","max-image-preview":"max-image-preview:large","max-video-preview":"max-video-preview:-1"},"canonical":"https:\/\/easy-reservations.de\/nb\/nettsted\/","og_locale":"nb_NO","og_type":"article","og_title":"Website - EasyReservations","og_description":"Buchen Sie einfach und bequem Ihren Tisch online mit unserem Reservierungssystem. Garantierte Pl\u00e4tze und flexible Optionen bei Easy Reservations.","og_url":"https:\/\/easy-reservations.de\/nb\/nettsted\/","og_site_name":"EasyReservations","article_modified_time":"2024-06-19T08:53:48+00:00","twitter_card":"summary_large_image","twitter_misc":{"Ansl. lesetid":"2 minutter"},"schema":{"@context":"https:\/\/schema.org","@graph":[{"@type":"WebPage","@id":"https:\/\/easy-reservations.de\/website\/","url":"https:\/\/easy-reservations.de\/website\/","name":"Website - EasyReservations","isPartOf":{"@id":"https:\/\/easy-reservations.de\/nb\/#website"},"datePublished":"2024-01-24T14:32:42+00:00","dateModified":"2024-06-19T08:53:48+00:00","description":"Buchen Sie einfach und bequem Ihren Tisch online mit unserem Reservierungssystem. Garantierte Pl\u00e4tze und flexible Optionen bei Easy Reservations.","breadcrumb":{"@id":"https:\/\/easy-reservations.de\/website\/#breadcrumb"},"inLanguage":"nb-NO","potentialAction":[{"@type":"ReadAction","target":["https:\/\/easy-reservations.de\/website\/"]}]},{"@type":"BreadcrumbList","@id":"https:\/\/easy-reservations.de\/website\/#breadcrumb","itemListElement":[{"@type":"ListItem","position":1,"name":"Startseite","item":"https:\/\/easy-reservations.de\/"},{"@type":"ListItem","position":2,"name":"Website"}]},{"@type":"WebSite","@id":"https:\/\/easy-reservations.de\/nb\/#website","url":"https:\/\/easy-reservations.de\/nb\/","name":"EasyReservations","description":"Digitale Tischverwaltung","publisher":{"@id":"https:\/\/easy-reservations.de\/nb\/#organization"},"potentialAction":[{"@type":"SearchAction","target":{"@type":"EntryPoint","urlTemplate":"https:\/\/easy-reservations.de\/nb\/?s={search_term_string}"},"query-input":"required name=search_term_string"}],"inLanguage":"nb-NO"},{"@type":"Organization","@id":"https:\/\/easy-reservations.de\/nb\/#organization","name":"EasyReservations","url":"https:\/\/easy-reservations.de\/nb\/","logo":{"@type":"ImageObject","inLanguage":"nb-NO","@id":"https:\/\/easy-reservations.de\/nb\/#\/schema\/logo\/image\/","url":"https:\/\/easy-reservations.de\/wp-content\/uploads\/2023\/02\/cropped-Zeichenflaeche-2-Kopie.png","contentUrl":"https:\/\/easy-reservations.de\/wp-content\/uploads\/2023\/02\/cropped-Zeichenflaeche-2-Kopie.png","width":1813,"height":207,"caption":"EasyReservations"},"image":{"@id":"https:\/\/easy-reservations.de\/nb\/#\/schema\/logo\/image\/"}}]}},"_links":{"self":[{"href":"https:\/\/easy-reservations.de\/nb\/wp-json\/wp\/v2\/pages\/10307"}],"collection":[{"href":"https:\/\/easy-reservations.de\/nb\/wp-json\/wp\/v2\/pages"}],"about":[{"href":"https:\/\/easy-reservations.de\/nb\/wp-json\/wp\/v2\/types\/page"}],"author":[{"embeddable":true,"href":"https:\/\/easy-reservations.de\/nb\/wp-json\/wp\/v2\/users\/6"}],"replies":[{"embeddable":true,"href":"https:\/\/easy-reservations.de\/nb\/wp-json\/wp\/v2\/comments?post=10307"}],"version-history":[{"count":0,"href":"https:\/\/easy-reservations.de\/nb\/wp-json\/wp\/v2\/pages\/10307\/revisions"}],"wp:attachment":[{"href":"https:\/\/easy-reservations.de\/nb\/wp-json\/wp\/v2\/media?parent=10307"}],"wp:term":[{"taxonomy":"category","embeddable":true,"href":"https:\/\/easy-reservations.de\/nb\/wp-json\/wp\/v2\/categories?post=10307"},{"taxonomy":"post_tag","embeddable":true,"href":"https:\/\/easy-reservations.de\/nb\/wp-json\/wp\/v2\/tags?post=10307"}],"curies":[{"name":"wp","href":"https:\/\/api.w.org\/{rel}","templated":true}]}}