{"id":10184,"date":"2024-01-23T12:28:15","date_gmt":"2024-01-23T11:28:15","guid":{"rendered":"https:\/\/easy-reservations.de\/?page_id=10184"},"modified":"2025-07-31T13:21:41","modified_gmt":"2025-07-31T12:21:41","slug":"impressum","status":"publish","type":"page","link":"https:\/\/easy-reservations.de\/nb\/avtrykk\/","title":{"rendered":"avtrykk"},"content":{"rendered":"<div data-elementor-type=\"wp-page\" data-elementor-id=\"10184\" class=\"elementor elementor-10184\" data-elementor-post-type=\"page\">\n\t\t\t\t\t\t<section class=\"elementor-section elementor-top-section elementor-element elementor-element-3feef082 elementor-section-boxed elementor-section-height-default elementor-section-height-default\" data-id=\"3feef082\" data-element_type=\"section\">\n\t\t\t\t\t\t<div class=\"elementor-container elementor-column-gap-default\">\n\t\t\t\t\t<div class=\"elementor-column elementor-col-100 elementor-top-column elementor-element elementor-element-34d154ee\" data-id=\"34d154ee\" data-element_type=\"column\">\n\t\t\t<div class=\"elementor-widget-wrap elementor-element-populated\">\n\t\t\t\t\t\t<div class=\"elementor-element elementor-element-3c131687 elementor-widget elementor-widget-text-editor\" data-id=\"3c131687\" data-element_type=\"widget\" data-widget_type=\"text-editor.default\">\n\t\t\t\t<div class=\"elementor-widget-container\">\n\t\t\t<style>\/*! elementor - v3.22.0 - 17-06-2024 *\/\n.elementor-widget-text-editor.elementor-drop-cap-view-stacked .elementor-drop-cap{background-color:#69727d;color:#fff}.elementor-widget-text-editor.elementor-drop-cap-view-framed .elementor-drop-cap{color:#69727d;border:3px solid;background-color:transparent}.elementor-widget-text-editor:not(.elementor-drop-cap-view-default) .elementor-drop-cap{margin-top:8px}.elementor-widget-text-editor:not(.elementor-drop-cap-view-default) .elementor-drop-cap-letter{width:1em;height:1em}.elementor-widget-text-editor .elementor-drop-cap{float:left;text-align:center;line-height:1;font-size:50px}.elementor-widget-text-editor .elementor-drop-cap-letter{display:inline-block}<\/style>\t\t\t\t<p><!-- wp:heading --><\/p>\n<h3 class=\"wp-block-heading\">avtrykk<\/h3>\n<p><\/p>\n<p><!-- \/wp:heading --><!-- wp:heading {\"level\":4} --><\/p>\n<h5 class=\"wp-block-heading\">Etter \u00a7 5 TMG<\/h5>\n<p><!-- \/wp:heading --><!-- wp:paragraph --><\/p>\n<p>Oliversuite GmbH<br>Volkstrasse 7<br>87527 Sonthofen<\/p>\n<p><!-- \/wp:paragraph --><!-- wp:paragraph --><\/p>\n<p>Handelsregister: HRB16860<br>Tinglysningsrett: Kempten Allg\u00e4u tingrett<\/p>\n<p><!-- \/wp:paragraph --><!-- wp:paragraph --><\/p>\n<p><strong>Representert av:<\/strong><br>Nico Moebius<br>Alexander Berchtold<\/p>\n<p><!-- \/wp:paragraph --><!-- wp:heading {\"level\":4} --><\/p>\n<h5 class=\"wp-block-heading\">Kontakt<\/h5>\n<p><!-- \/wp:heading --><!-- wp:paragraph --><\/p>\n<p>Telefon: 083216929167<br>E-post: info@oliversuite.de<\/p>\n<p><!-- \/wp:paragraph --><!-- wp:heading {\"level\":4} --><\/p>\n<h5 class=\"wp-block-heading\">Informasjon om yrkesansvarsforsikring<\/h5>\n<p><!-- \/wp:heading --><!-- wp:paragraph --><\/p>\n<p><strong>Forsikringsselskapets navn og forretningskontor:<\/strong><br>Allianz K\u00f6lbl<br>Hindelangerstr. 3<br>87527 Sonthofen<\/p>\n<p><!-- \/wp:paragraph --><!-- wp:paragraph --><\/p>\n<p><strong>Forsikringens gyldighetsomr\u00e5de:<\/strong><br>Tyskland<\/p>\n<p><!-- \/wp:paragraph --><!-- wp:heading {\"level\":4} --><\/p>\n<h5 class=\"wp-block-heading\">Forbrukertvistl\u00f8sning\/universell voldgiftsnemnd<\/h5>\n<p><!-- \/wp:heading --><!-- wp:paragraph --><\/p>\n<p>Vi er ikke villige eller forpliktet til \u00e5 delta i tvistel\u00f8sningssaker for en forbrukervoldgiftsnemnd.<\/p>\n<p><!-- \/wp:paragraph --><\/p>\t\t\t\t\t\t<\/div>\n\t\t\t\t<\/div>\n\t\t\t\t\t<\/div>\n\t\t<\/div>\n\t\t\t\t\t<\/div>\n\t\t<\/section>\n\t\t\t\t<\/div>","protected":false},"excerpt":{"rendered":"<p>Impressum Angaben gem\u00e4\u00df \u00a7 5 TMG Oliversuite GmbHV\u00f6lkstra\u00dfe 787527 Sonthofen Handelsregister: HRB16860Registergericht: Amtsgericht Kempten Allg\u00e4u Vertreten durch:Nico M\u00f6biusAlexander Berchtold Kontakt Telefon: 083216929167E-Mail: info@oliversuite.de Angaben zur Berufs\u00adhaftpflicht\u00adversicherung Name und Sitz des Versicherers:Allianz K\u00f6lblHindelangerstr. 387527 Sonthofen Geltungsraum der Versicherung:Deutschland Verbraucher\u00adstreit\u00adbeilegung\/Universal\u00adschlichtungs\u00adstelle Wir sind nicht bereit oder verpflichtet, an Streitbeilegungsverfahren vor einer Verbraucherschlichtungsstelle teilzunehmen.<\/p>","protected":false},"author":6,"featured_media":0,"parent":0,"menu_order":0,"comment_status":"closed","ping_status":"closed","template":"","meta":{"site-sidebar-layout":"default","site-content-layout":"default","ast-global-header-display":"","ast-banner-title-visibility":"","ast-main-header-display":"","ast-hfb-above-header-display":"","ast-hfb-below-header-display":"","ast-hfb-mobile-header-display":"","site-post-title":"","ast-breadcrumbs-content":"","ast-featured-img":"","footer-sml-layout":"","theme-transparent-header-meta":"","adv-header-id-meta":"","stick-header-meta":"","header-above-stick-meta":"","header-main-stick-meta":"","header-below-stick-meta":"","footnotes":""},"categories":[],"tags":[],"yoast_head":"<!-- This site is optimized with the Yoast SEO plugin v22.9 - https:\/\/yoast.com\/wordpress\/plugins\/seo\/ -->\n<title>Impressum - EasyReservations<\/title>\n<meta name=\"robots\" content=\"noindex, nofollow\" \/>\n<meta property=\"og:locale\" content=\"nb_NO\" \/>\n<meta property=\"og:type\" content=\"article\" \/>\n<meta property=\"og:title\" content=\"Impressum - EasyReservations\" \/>\n<meta property=\"og:description\" content=\"Impressum Angaben gem\u00e4\u00df \u00a7 5 TMG Oliversuite GmbHV\u00f6lkstra\u00dfe 787527 Sonthofen Handelsregister: HRB16860Registergericht: Amtsgericht Kempten Allg\u00e4u Vertreten durch:Nico M\u00f6biusAlexander Berchtold Kontakt Telefon: 083216929167E-Mail: info@oliversuite.de Angaben zur Berufs\u00adhaftpflicht\u00adversicherung Name und Sitz des Versicherers:Allianz K\u00f6lblHindelangerstr. 387527 Sonthofen Geltungsraum der Versicherung:Deutschland Verbraucher\u00adstreit\u00adbeilegung\/Universal\u00adschlichtungs\u00adstelle Wir sind nicht bereit oder verpflichtet, an Streitbeilegungsverfahren vor einer Verbraucherschlichtungsstelle teilzunehmen.\" \/>\n<meta property=\"og:url\" content=\"https:\/\/easy-reservations.de\/nb\/avtrykk\/\" \/>\n<meta property=\"og:site_name\" content=\"EasyReservations\" \/>\n<meta property=\"article:modified_time\" content=\"2025-07-31T12:21:41+00:00\" \/>\n<meta name=\"twitter:card\" content=\"summary_large_image\" \/>\n<meta name=\"twitter:label1\" content=\"Ansl. lesetid\" \/>\n\t<meta name=\"twitter:data1\" content=\"1 minutt\" \/>\n<script type=\"application\/ld+json\" class=\"yoast-schema-graph\">{\"@context\":\"https:\/\/schema.org\",\"@graph\":[{\"@type\":\"WebPage\",\"@id\":\"https:\/\/easy-reservations.de\/impressum\/\",\"url\":\"https:\/\/easy-reservations.de\/impressum\/\",\"name\":\"Impressum - EasyReservations\",\"isPartOf\":{\"@id\":\"https:\/\/easy-reservations.de\/nb\/#website\"},\"datePublished\":\"2024-01-23T11:28:15+00:00\",\"dateModified\":\"2025-07-31T12:21:41+00:00\",\"breadcrumb\":{\"@id\":\"https:\/\/easy-reservations.de\/impressum\/#breadcrumb\"},\"inLanguage\":\"nb-NO\",\"potentialAction\":[{\"@type\":\"ReadAction\",\"target\":[\"https:\/\/easy-reservations.de\/impressum\/\"]}]},{\"@type\":\"BreadcrumbList\",\"@id\":\"https:\/\/easy-reservations.de\/impressum\/#breadcrumb\",\"itemListElement\":[{\"@type\":\"ListItem\",\"position\":1,\"name\":\"Startseite\",\"item\":\"https:\/\/easy-reservations.de\/\"},{\"@type\":\"ListItem\",\"position\":2,\"name\":\"Impressum\"}]},{\"@type\":\"WebSite\",\"@id\":\"https:\/\/easy-reservations.de\/nb\/#website\",\"url\":\"https:\/\/easy-reservations.de\/nb\/\",\"name\":\"EasyReservations\",\"description\":\"Digitale Tischverwaltung\",\"publisher\":{\"@id\":\"https:\/\/easy-reservations.de\/nb\/#organization\"},\"potentialAction\":[{\"@type\":\"SearchAction\",\"target\":{\"@type\":\"EntryPoint\",\"urlTemplate\":\"https:\/\/easy-reservations.de\/nb\/?s={search_term_string}\"},\"query-input\":\"required name=search_term_string\"}],\"inLanguage\":\"nb-NO\"},{\"@type\":\"Organization\",\"@id\":\"https:\/\/easy-reservations.de\/nb\/#organization\",\"name\":\"EasyReservations\",\"url\":\"https:\/\/easy-reservations.de\/nb\/\",\"logo\":{\"@type\":\"ImageObject\",\"inLanguage\":\"nb-NO\",\"@id\":\"https:\/\/easy-reservations.de\/nb\/#\/schema\/logo\/image\/\",\"url\":\"https:\/\/easy-reservations.de\/wp-content\/uploads\/2023\/02\/cropped-Zeichenflaeche-2-Kopie.png\",\"contentUrl\":\"https:\/\/easy-reservations.de\/wp-content\/uploads\/2023\/02\/cropped-Zeichenflaeche-2-Kopie.png\",\"width\":1813,\"height\":207,\"caption\":\"EasyReservations\"},\"image\":{\"@id\":\"https:\/\/easy-reservations.de\/nb\/#\/schema\/logo\/image\/\"}}]}<\/script>\n<!-- \/ Yoast SEO plugin. -->","yoast_head_json":{"title":"Impressum - EasyReservations","robots":{"index":"noindex","follow":"nofollow"},"og_locale":"nb_NO","og_type":"article","og_title":"Impressum - EasyReservations","og_description":"Impressum Angaben gem\u00e4\u00df \u00a7 5 TMG Oliversuite GmbHV\u00f6lkstra\u00dfe 787527 Sonthofen Handelsregister: HRB16860Registergericht: Amtsgericht Kempten Allg\u00e4u Vertreten durch:Nico M\u00f6biusAlexander Berchtold Kontakt Telefon: 083216929167E-Mail: info@oliversuite.de Angaben zur Berufs\u00adhaftpflicht\u00adversicherung Name und Sitz des Versicherers:Allianz K\u00f6lblHindelangerstr. 387527 Sonthofen Geltungsraum der Versicherung:Deutschland Verbraucher\u00adstreit\u00adbeilegung\/Universal\u00adschlichtungs\u00adstelle Wir sind nicht bereit oder verpflichtet, an Streitbeilegungsverfahren vor einer Verbraucherschlichtungsstelle teilzunehmen.","og_url":"https:\/\/easy-reservations.de\/nb\/avtrykk\/","og_site_name":"EasyReservations","article_modified_time":"2025-07-31T12:21:41+00:00","twitter_card":"summary_large_image","twitter_misc":{"Ansl. lesetid":"1 minutt"},"schema":{"@context":"https:\/\/schema.org","@graph":[{"@type":"WebPage","@id":"https:\/\/easy-reservations.de\/impressum\/","url":"https:\/\/easy-reservations.de\/impressum\/","name":"Impressum - EasyReservations","isPartOf":{"@id":"https:\/\/easy-reservations.de\/nb\/#website"},"datePublished":"2024-01-23T11:28:15+00:00","dateModified":"2025-07-31T12:21:41+00:00","breadcrumb":{"@id":"https:\/\/easy-reservations.de\/impressum\/#breadcrumb"},"inLanguage":"nb-NO","potentialAction":[{"@type":"ReadAction","target":["https:\/\/easy-reservations.de\/impressum\/"]}]},{"@type":"BreadcrumbList","@id":"https:\/\/easy-reservations.de\/impressum\/#breadcrumb","itemListElement":[{"@type":"ListItem","position":1,"name":"Startseite","item":"https:\/\/easy-reservations.de\/"},{"@type":"ListItem","position":2,"name":"Impressum"}]},{"@type":"WebSite","@id":"https:\/\/easy-reservations.de\/nb\/#website","url":"https:\/\/easy-reservations.de\/nb\/","name":"EasyReservations","description":"Digitale Tischverwaltung","publisher":{"@id":"https:\/\/easy-reservations.de\/nb\/#organization"},"potentialAction":[{"@type":"SearchAction","target":{"@type":"EntryPoint","urlTemplate":"https:\/\/easy-reservations.de\/nb\/?s={search_term_string}"},"query-input":"required name=search_term_string"}],"inLanguage":"nb-NO"},{"@type":"Organization","@id":"https:\/\/easy-reservations.de\/nb\/#organization","name":"EasyReservations","url":"https:\/\/easy-reservations.de\/nb\/","logo":{"@type":"ImageObject","inLanguage":"nb-NO","@id":"https:\/\/easy-reservations.de\/nb\/#\/schema\/logo\/image\/","url":"https:\/\/easy-reservations.de\/wp-content\/uploads\/2023\/02\/cropped-Zeichenflaeche-2-Kopie.png","contentUrl":"https:\/\/easy-reservations.de\/wp-content\/uploads\/2023\/02\/cropped-Zeichenflaeche-2-Kopie.png","width":1813,"height":207,"caption":"EasyReservations"},"image":{"@id":"https:\/\/easy-reservations.de\/nb\/#\/schema\/logo\/image\/"}}]}},"_links":{"self":[{"href":"https:\/\/easy-reservations.de\/nb\/wp-json\/wp\/v2\/pages\/10184"}],"collection":[{"href":"https:\/\/easy-reservations.de\/nb\/wp-json\/wp\/v2\/pages"}],"about":[{"href":"https:\/\/easy-reservations.de\/nb\/wp-json\/wp\/v2\/types\/page"}],"author":[{"embeddable":true,"href":"https:\/\/easy-reservations.de\/nb\/wp-json\/wp\/v2\/users\/6"}],"replies":[{"embeddable":true,"href":"https:\/\/easy-reservations.de\/nb\/wp-json\/wp\/v2\/comments?post=10184"}],"version-history":[{"count":0,"href":"https:\/\/easy-reservations.de\/nb\/wp-json\/wp\/v2\/pages\/10184\/revisions"}],"wp:attachment":[{"href":"https:\/\/easy-reservations.de\/nb\/wp-json\/wp\/v2\/media?parent=10184"}],"wp:term":[{"taxonomy":"category","embeddable":true,"href":"https:\/\/easy-reservations.de\/nb\/wp-json\/wp\/v2\/categories?post=10184"},{"taxonomy":"post_tag","embeddable":true,"href":"https:\/\/easy-reservations.de\/nb\/wp-json\/wp\/v2\/tags?post=10184"}],"curies":[{"name":"wp","href":"https:\/\/api.w.org\/{rel}","templated":true}]}}