{"id":10182,"date":"2024-01-23T12:28:02","date_gmt":"2024-01-23T11:28:02","guid":{"rendered":"https:\/\/easy-reservations.de\/?page_id=10182"},"modified":"2024-01-25T12:08:07","modified_gmt":"2024-01-25T11:08:07","slug":"agb","status":"publish","type":"page","link":"https:\/\/easy-reservations.de\/nb\/forhold\/","title":{"rendered":"Forhold"},"content":{"rendered":"<div data-elementor-type=\"wp-page\" data-elementor-id=\"10182\" class=\"elementor elementor-10182\" data-elementor-post-type=\"page\">\n\t\t\t\t\t\t<section class=\"elementor-section elementor-top-section elementor-element elementor-element-3a3664a9 elementor-section-boxed elementor-section-height-default elementor-section-height-default\" data-id=\"3a3664a9\" data-element_type=\"section\">\n\t\t\t\t\t\t<div class=\"elementor-container elementor-column-gap-default\">\n\t\t\t\t\t<div class=\"elementor-column elementor-col-100 elementor-top-column elementor-element elementor-element-147a05c0\" data-id=\"147a05c0\" data-element_type=\"column\">\n\t\t\t<div class=\"elementor-widget-wrap elementor-element-populated\">\n\t\t\t\t\t\t<div class=\"elementor-element elementor-element-300153cf elementor-widget elementor-widget-text-editor\" data-id=\"300153cf\" data-element_type=\"widget\" data-widget_type=\"text-editor.default\">\n\t\t\t\t<div class=\"elementor-widget-container\">\n\t\t\t<style>\/*! elementor - v3.22.0 - 17-06-2024 *\/\n.elementor-widget-text-editor.elementor-drop-cap-view-stacked .elementor-drop-cap{background-color:#69727d;color:#fff}.elementor-widget-text-editor.elementor-drop-cap-view-framed .elementor-drop-cap{color:#69727d;border:3px solid;background-color:transparent}.elementor-widget-text-editor:not(.elementor-drop-cap-view-default) .elementor-drop-cap{margin-top:8px}.elementor-widget-text-editor:not(.elementor-drop-cap-view-default) .elementor-drop-cap-letter{width:1em;height:1em}.elementor-widget-text-editor .elementor-drop-cap{float:left;text-align:center;line-height:1;font-size:50px}.elementor-widget-text-editor .elementor-drop-cap-letter{display:inline-block}<\/style>\t\t\t\t<!-- wp:heading {\"level\":3} -->\n<h4 class=\"wp-block-heading\">Generelle forretningsbetingelser<\/h4>\n<p>\u00a0<\/p>\n<!-- \/wp:heading --><!-- wp:heading {\"level\":4} -->\n<h5 class=\"wp-block-heading\">1. Omfang<\/h5>\n<!-- \/wp:heading --><!-- wp:paragraph -->\n<p>Disse vilk\u00e5rene og betingelsene gjelder for alle forretningsforhold mellom Oliversuite GmbH og kunden.<\/p>\n<!-- \/wp:paragraph --><!-- wp:heading {\"level\":4} -->\n<h5 class=\"wp-block-heading\">2. Inng\u00e5else av kontrakt<\/h5>\n<!-- \/wp:heading --><!-- wp:paragraph -->\n<p>En kontrakt inng\u00e5s gjennom kundens skriftlige eller muntlige bestilling og bekreftelse fra byr\u00e5et. Grunnlaget for konklusjonen er ordrebekreftelsen signert av kunden eller et signert tilbud.<\/p>\n<!-- \/wp:paragraph --><!-- wp:heading {\"level\":4} -->\n<h5 class=\"wp-block-heading\">3. Byr\u00e5tjenester<\/h5>\n<!-- \/wp:heading --><!-- wp:paragraph -->\n<p>Byr\u00e5et yter tjenester innen webdesign, utvikling, markedsf\u00f8ring og e-handel. De n\u00f8yaktige tjenestene og deres omfang finner du i ordrebekreftelsen. Byr\u00e5et er berettiget til \u00e5 benytte tredjeparter for \u00e5 oppfylle bestillingen.<\/p>\n<!-- \/wp:paragraph --><!-- wp:heading {\"level\":4} -->\n<h5 class=\"wp-block-heading\">4. Kundens forpliktelser<\/h5>\n<!-- \/wp:heading --><!-- wp:paragraph -->\n<p>Kunden plikter \u00e5 gi alle n\u00f8dvendige opplysninger og dokumenter som er n\u00f8dvendige for \u00e5 yte tjenestene. Dette skjer med en oppsigelsesfrist p\u00e5 14 dager. Dersom kunden ikke oppfyller sine forpliktelser, kan byr\u00e5et fakturere hele fakturabel\u00f8pet. Kunden garanterer at han har alle n\u00f8dvendige rettigheter til dokumentene som leveres.<\/p>\n<!-- \/wp:paragraph --><!-- wp:heading {\"level\":4} -->\n<h5 class=\"wp-block-heading\">5. Erstatning<\/h5>\n<!-- \/wp:heading --><!-- wp:paragraph -->\n<p>Etatens godtgj\u00f8relse er basert p\u00e5 ordrebekreftelsen. Prisene er eksklusive lovbestemt merverdiavgift. Dersom det skjer endringer i omfanget av bestillingen eller tilleggstjenester, justeres godtgj\u00f8relsen tilsvarende. Byr\u00e5ets oppgitte timepris gjelder for ordreforlengelse.<\/p>\n<!-- \/wp:paragraph --><!-- wp:heading {\"level\":4} -->\n<h5 class=\"wp-block-heading\">6. Betalingsbetingelser<\/h5>\n<!-- \/wp:heading --><!-- wp:paragraph -->\n<p>Med mindre annet er avtalt, utstedes fakturaen for hele bel\u00f8pet og umiddelbart etter at bestillingen er bekreftet. Betaling forfaller innen 14 dager fra fakturadato. Ved forsinket betaling har byr\u00e5et rett til \u00e5 belaste forsinkelsesrenter med 5 prosentpoeng over respektive grunnrente.<\/p>\n<!-- \/wp:paragraph --><!-- wp:heading {\"level\":4} -->\n<h5 class=\"wp-block-heading\">7. Ansvar<\/h5>\n<!-- \/wp:heading --><!-- wp:paragraph -->\n<p>Byr\u00e5et er ansvarlig for forsett og grov uaktsomhet. Ansvar for enkel uaktsomhet er utelukket forutsatt at ingen vesentlige kontraktsmessige forpliktelser brytes. Byr\u00e5et er ikke ansvarlig for skader som oppst\u00e5r ved bruk av tredjeparts programvare eller tjenester.<\/p>\n<!-- \/wp:paragraph --><!-- wp:heading {\"level\":4} -->\n<h5 class=\"wp-block-heading\">8. Opphavsrett og bruksrett<\/h5>\n<!-- \/wp:heading --><!-- wp:paragraph -->\n<p>Byr\u00e5et forbeholder seg opphavsretten til de opprettede verkene inntil full betaling er mottatt. Bruksretten overf\u00f8res f\u00f8rst til oppdragsgiver ved mottak av hele fakturabel\u00f8pet.<\/p>\n<!-- \/wp:paragraph --><!-- wp:heading {\"level\":4} -->\n<h5 class=\"wp-block-heading\">9. Konfidensialitet<\/h5>\n<!-- \/wp:heading --><!-- wp:paragraph -->\n<p>Byr\u00e5et forplikter seg til \u00e5 hemmeligholde all konfidensiell informasjon om kunden som den f\u00e5r kjennskap til som en del av bestillingen. Det samme gjelder for kunden.<\/p>\n<!-- \/wp:paragraph --><!-- wp:heading {\"level\":4} -->\n<h5 class=\"wp-block-heading\">10. Databeskyttelse<\/h5>\n<!-- \/wp:heading --><!-- wp:paragraph -->\n<p>Byr\u00e5et forplikter seg til \u00e5 overholde databeskyttelsesbestemmelsene og behandle alle personopplysninger som samles inn som en del av bestillingen konfidensielt.<\/p>\n<!-- \/wp:paragraph --><!-- wp:heading {\"level\":4} -->\n<h5 class=\"wp-block-heading\">11. Sluttbestemmelse<\/h5>\n<!-- \/wp:heading --><!-- wp:paragraph -->\n<p>Hvis individuelle bestemmelser i disse generelle vilk\u00e5rene er eller blir ineffektive, vil dette ikke p\u00e5virke effektiviteten til de gjenv\u00e6rende bestemmelsene. Loven i Forbundsrepublikken Tyskland. Stedet for ytelse og jurisdiksjon er byr\u00e5ets hovedkvarter.<\/p>\n<!-- \/wp:paragraph -->\t\t\t\t\t\t<\/div>\n\t\t\t\t<\/div>\n\t\t\t\t\t<\/div>\n\t\t<\/div>\n\t\t\t\t\t<\/div>\n\t\t<\/section>\n\t\t\t\t<\/div>","protected":false},"excerpt":{"rendered":"<p>Allgemeine Gesch\u00e4ftsbedingungen \u00a0 1. Geltungsbereich Diese AGB gelten f\u00fcr s\u00e4mtliche Gesch\u00e4ftsbeziehungen zwischen der Oliversuite GmbH und dem Kunden. 2. Vertragsabschluss Ein Vertrag kommt durch die schriftliche oder m\u00fcndliche Bestellung des Kunden und die Best\u00e4tigung durch die Agentur zustande. Als Grundlage f\u00fcr den Abschluss gilt die vom Kunden unterschriebene Auftragsbest\u00e4tigung oder ein unterschriebenes Angebot. 3. Leistungen &hellip;<\/p>\n<p class=\"read-more\"> <a class=\"\" href=\"https:\/\/easy-reservations.de\/nb\/forhold\/\"> <span class=\"screen-reader-text\">Forhold<\/span> Les mer &raquo;<\/a><\/p>","protected":false},"author":6,"featured_media":0,"parent":0,"menu_order":0,"comment_status":"closed","ping_status":"closed","template":"","meta":{"site-sidebar-layout":"default","site-content-layout":"default","ast-global-header-display":"","ast-banner-title-visibility":"","ast-main-header-display":"","ast-hfb-above-header-display":"","ast-hfb-below-header-display":"","ast-hfb-mobile-header-display":"","site-post-title":"","ast-breadcrumbs-content":"","ast-featured-img":"","footer-sml-layout":"","theme-transparent-header-meta":"","adv-header-id-meta":"","stick-header-meta":"","header-above-stick-meta":"","header-main-stick-meta":"","header-below-stick-meta":"","footnotes":""},"categories":[],"tags":[],"yoast_head":"<!-- This site is optimized with the Yoast SEO plugin v22.9 - https:\/\/yoast.com\/wordpress\/plugins\/seo\/ -->\n<title>AGB: Grundlage unseres Reservierungssoftware-Services<\/title>\n<meta name=\"description\" content=\"Lesen Sie die Allgemeinen Gesch\u00e4ftsbedingungen f\u00fcr die Nutzung unserer Gastronomie Management Software.\" \/>\n<meta name=\"robots\" content=\"noindex, nofollow\" \/>\n<meta property=\"og:locale\" content=\"nb_NO\" \/>\n<meta property=\"og:type\" content=\"article\" \/>\n<meta property=\"og:title\" content=\"AGB: Grundlage unseres Reservierungssoftware-Services\" \/>\n<meta property=\"og:description\" content=\"Lesen Sie die Allgemeinen Gesch\u00e4ftsbedingungen f\u00fcr die Nutzung unserer Gastronomie Management Software.\" \/>\n<meta property=\"og:url\" content=\"https:\/\/easy-reservations.de\/nb\/forhold\/\" \/>\n<meta property=\"og:site_name\" content=\"EasyReservations\" \/>\n<meta property=\"article:modified_time\" content=\"2024-01-25T11:08:07+00:00\" \/>\n<meta name=\"twitter:card\" content=\"summary_large_image\" \/>\n<meta name=\"twitter:label1\" content=\"Ansl. lesetid\" \/>\n\t<meta name=\"twitter:data1\" content=\"2 minutter\" \/>\n<script type=\"application\/ld+json\" class=\"yoast-schema-graph\">{\"@context\":\"https:\/\/schema.org\",\"@graph\":[{\"@type\":\"WebPage\",\"@id\":\"https:\/\/easy-reservations.de\/agb\/\",\"url\":\"https:\/\/easy-reservations.de\/agb\/\",\"name\":\"AGB: Grundlage unseres Reservierungssoftware-Services\",\"isPartOf\":{\"@id\":\"https:\/\/easy-reservations.de\/nb\/#website\"},\"datePublished\":\"2024-01-23T11:28:02+00:00\",\"dateModified\":\"2024-01-25T11:08:07+00:00\",\"description\":\"Lesen Sie die Allgemeinen Gesch\u00e4ftsbedingungen f\u00fcr die Nutzung unserer Gastronomie Management Software.\",\"breadcrumb\":{\"@id\":\"https:\/\/easy-reservations.de\/agb\/#breadcrumb\"},\"inLanguage\":\"nb-NO\",\"potentialAction\":[{\"@type\":\"ReadAction\",\"target\":[\"https:\/\/easy-reservations.de\/agb\/\"]}]},{\"@type\":\"BreadcrumbList\",\"@id\":\"https:\/\/easy-reservations.de\/agb\/#breadcrumb\",\"itemListElement\":[{\"@type\":\"ListItem\",\"position\":1,\"name\":\"Startseite\",\"item\":\"https:\/\/easy-reservations.de\/\"},{\"@type\":\"ListItem\",\"position\":2,\"name\":\"AGB\"}]},{\"@type\":\"WebSite\",\"@id\":\"https:\/\/easy-reservations.de\/nb\/#website\",\"url\":\"https:\/\/easy-reservations.de\/nb\/\",\"name\":\"EasyReservations\",\"description\":\"Digitale Tischverwaltung\",\"publisher\":{\"@id\":\"https:\/\/easy-reservations.de\/nb\/#organization\"},\"potentialAction\":[{\"@type\":\"SearchAction\",\"target\":{\"@type\":\"EntryPoint\",\"urlTemplate\":\"https:\/\/easy-reservations.de\/nb\/?s={search_term_string}\"},\"query-input\":\"required name=search_term_string\"}],\"inLanguage\":\"nb-NO\"},{\"@type\":\"Organization\",\"@id\":\"https:\/\/easy-reservations.de\/nb\/#organization\",\"name\":\"EasyReservations\",\"url\":\"https:\/\/easy-reservations.de\/nb\/\",\"logo\":{\"@type\":\"ImageObject\",\"inLanguage\":\"nb-NO\",\"@id\":\"https:\/\/easy-reservations.de\/nb\/#\/schema\/logo\/image\/\",\"url\":\"https:\/\/easy-reservations.de\/wp-content\/uploads\/2023\/02\/cropped-Zeichenflaeche-2-Kopie.png\",\"contentUrl\":\"https:\/\/easy-reservations.de\/wp-content\/uploads\/2023\/02\/cropped-Zeichenflaeche-2-Kopie.png\",\"width\":1813,\"height\":207,\"caption\":\"EasyReservations\"},\"image\":{\"@id\":\"https:\/\/easy-reservations.de\/nb\/#\/schema\/logo\/image\/\"}}]}<\/script>\n<!-- \/ Yoast SEO plugin. -->","yoast_head_json":{"title":"AGB: Grundlage unseres Reservierungssoftware-Services","description":"Lesen Sie die Allgemeinen Gesch\u00e4ftsbedingungen f\u00fcr die Nutzung unserer Gastronomie Management Software.","robots":{"index":"noindex","follow":"nofollow"},"og_locale":"nb_NO","og_type":"article","og_title":"AGB: Grundlage unseres Reservierungssoftware-Services","og_description":"Lesen Sie die Allgemeinen Gesch\u00e4ftsbedingungen f\u00fcr die Nutzung unserer Gastronomie Management Software.","og_url":"https:\/\/easy-reservations.de\/nb\/forhold\/","og_site_name":"EasyReservations","article_modified_time":"2024-01-25T11:08:07+00:00","twitter_card":"summary_large_image","twitter_misc":{"Ansl. lesetid":"2 minutter"},"schema":{"@context":"https:\/\/schema.org","@graph":[{"@type":"WebPage","@id":"https:\/\/easy-reservations.de\/agb\/","url":"https:\/\/easy-reservations.de\/agb\/","name":"AGB: Grundlage unseres Reservierungssoftware-Services","isPartOf":{"@id":"https:\/\/easy-reservations.de\/nb\/#website"},"datePublished":"2024-01-23T11:28:02+00:00","dateModified":"2024-01-25T11:08:07+00:00","description":"Lesen Sie die Allgemeinen Gesch\u00e4ftsbedingungen f\u00fcr die Nutzung unserer Gastronomie Management Software.","breadcrumb":{"@id":"https:\/\/easy-reservations.de\/agb\/#breadcrumb"},"inLanguage":"nb-NO","potentialAction":[{"@type":"ReadAction","target":["https:\/\/easy-reservations.de\/agb\/"]}]},{"@type":"BreadcrumbList","@id":"https:\/\/easy-reservations.de\/agb\/#breadcrumb","itemListElement":[{"@type":"ListItem","position":1,"name":"Startseite","item":"https:\/\/easy-reservations.de\/"},{"@type":"ListItem","position":2,"name":"AGB"}]},{"@type":"WebSite","@id":"https:\/\/easy-reservations.de\/nb\/#website","url":"https:\/\/easy-reservations.de\/nb\/","name":"EasyReservations","description":"Digitale Tischverwaltung","publisher":{"@id":"https:\/\/easy-reservations.de\/nb\/#organization"},"potentialAction":[{"@type":"SearchAction","target":{"@type":"EntryPoint","urlTemplate":"https:\/\/easy-reservations.de\/nb\/?s={search_term_string}"},"query-input":"required name=search_term_string"}],"inLanguage":"nb-NO"},{"@type":"Organization","@id":"https:\/\/easy-reservations.de\/nb\/#organization","name":"EasyReservations","url":"https:\/\/easy-reservations.de\/nb\/","logo":{"@type":"ImageObject","inLanguage":"nb-NO","@id":"https:\/\/easy-reservations.de\/nb\/#\/schema\/logo\/image\/","url":"https:\/\/easy-reservations.de\/wp-content\/uploads\/2023\/02\/cropped-Zeichenflaeche-2-Kopie.png","contentUrl":"https:\/\/easy-reservations.de\/wp-content\/uploads\/2023\/02\/cropped-Zeichenflaeche-2-Kopie.png","width":1813,"height":207,"caption":"EasyReservations"},"image":{"@id":"https:\/\/easy-reservations.de\/nb\/#\/schema\/logo\/image\/"}}]}},"_links":{"self":[{"href":"https:\/\/easy-reservations.de\/nb\/wp-json\/wp\/v2\/pages\/10182"}],"collection":[{"href":"https:\/\/easy-reservations.de\/nb\/wp-json\/wp\/v2\/pages"}],"about":[{"href":"https:\/\/easy-reservations.de\/nb\/wp-json\/wp\/v2\/types\/page"}],"author":[{"embeddable":true,"href":"https:\/\/easy-reservations.de\/nb\/wp-json\/wp\/v2\/users\/6"}],"replies":[{"embeddable":true,"href":"https:\/\/easy-reservations.de\/nb\/wp-json\/wp\/v2\/comments?post=10182"}],"version-history":[{"count":0,"href":"https:\/\/easy-reservations.de\/nb\/wp-json\/wp\/v2\/pages\/10182\/revisions"}],"wp:attachment":[{"href":"https:\/\/easy-reservations.de\/nb\/wp-json\/wp\/v2\/media?parent=10182"}],"wp:term":[{"taxonomy":"category","embeddable":true,"href":"https:\/\/easy-reservations.de\/nb\/wp-json\/wp\/v2\/categories?post=10182"},{"taxonomy":"post_tag","embeddable":true,"href":"https:\/\/easy-reservations.de\/nb\/wp-json\/wp\/v2\/tags?post=10182"}],"curies":[{"name":"wp","href":"https:\/\/api.w.org\/{rel}","templated":true}]}}