{"id":10182,"date":"2024-01-23T12:28:02","date_gmt":"2024-01-23T11:28:02","guid":{"rendered":"https:\/\/easy-reservations.de\/?page_id=10182"},"modified":"2024-01-25T12:08:07","modified_gmt":"2024-01-25T11:08:07","slug":"agb","status":"publish","type":"page","link":"https:\/\/easy-reservations.de\/da\/betingelser\/","title":{"rendered":"Betingelser"},"content":{"rendered":"<div data-elementor-type=\"wp-page\" data-elementor-id=\"10182\" class=\"elementor elementor-10182\" data-elementor-post-type=\"page\">\n\t\t\t\t\t\t<section class=\"elementor-section elementor-top-section elementor-element elementor-element-3a3664a9 elementor-section-boxed elementor-section-height-default elementor-section-height-default\" data-id=\"3a3664a9\" data-element_type=\"section\">\n\t\t\t\t\t\t<div class=\"elementor-container elementor-column-gap-default\">\n\t\t\t\t\t<div class=\"elementor-column elementor-col-100 elementor-top-column elementor-element elementor-element-147a05c0\" data-id=\"147a05c0\" data-element_type=\"column\">\n\t\t\t<div class=\"elementor-widget-wrap elementor-element-populated\">\n\t\t\t\t\t\t<div class=\"elementor-element elementor-element-300153cf elementor-widget elementor-widget-text-editor\" data-id=\"300153cf\" data-element_type=\"widget\" data-widget_type=\"text-editor.default\">\n\t\t\t\t<div class=\"elementor-widget-container\">\n\t\t\t<style>\/*! elementor - v3.22.0 - 17-06-2024 *\/\n.elementor-widget-text-editor.elementor-drop-cap-view-stacked .elementor-drop-cap{background-color:#69727d;color:#fff}.elementor-widget-text-editor.elementor-drop-cap-view-framed .elementor-drop-cap{color:#69727d;border:3px solid;background-color:transparent}.elementor-widget-text-editor:not(.elementor-drop-cap-view-default) .elementor-drop-cap{margin-top:8px}.elementor-widget-text-editor:not(.elementor-drop-cap-view-default) .elementor-drop-cap-letter{width:1em;height:1em}.elementor-widget-text-editor .elementor-drop-cap{float:left;text-align:center;line-height:1;font-size:50px}.elementor-widget-text-editor .elementor-drop-cap-letter{display:inline-block}<\/style>\t\t\t\t<!-- wp:heading {\"level\":3} -->\n<h4 class=\"wp-block-heading\">Generelle forretningsbetingelser<\/h4>\n<p>\u00a0<\/p>\n<!-- \/wp:heading --><!-- wp:heading {\"level\":4} -->\n<h5 class=\"wp-block-heading\">1. Omfang<\/h5>\n<!-- \/wp:heading --><!-- wp:paragraph -->\n<p>Disse generelle vilk\u00e5r og betingelser g\u00e6lder for alle forretningsforbindelser mellem Oliversuite GmbH og kunden.<\/p>\n<!-- \/wp:paragraph --><!-- wp:heading {\"level\":4} -->\n<h5 class=\"wp-block-heading\">2. Indg\u00e5else af kontrakt<\/h5>\n<!-- \/wp:heading --><!-- wp:paragraph -->\n<p>En kontrakt indg\u00e5s gennem kundens skriftlige eller mundtlige ordre og bekr\u00e6ftelse fra bureauet. Grundlaget for konklusionen er ordrebekr\u00e6ftelsen underskrevet af kunden eller et underskrevet tilbud.<\/p>\n<!-- \/wp:paragraph --><!-- wp:heading {\"level\":4} -->\n<h5 class=\"wp-block-heading\">3. Agenturtjenester<\/h5>\n<!-- \/wp:heading --><!-- wp:paragraph -->\n<p>Bureauet leverer ydelser inden for webdesign, udvikling, marketing og e-handel. De n\u00f8jagtige ydelser og deres omfang kan findes i ordrebekr\u00e6ftelsen. Bureauet er berettiget til at benytte tredjemand til at udf\u00f8re ordren.<\/p>\n<!-- \/wp:paragraph --><!-- wp:heading {\"level\":4} -->\n<h5 class=\"wp-block-heading\">4. Kundens forpligtelser<\/h5>\n<!-- \/wp:heading --><!-- wp:paragraph -->\n<p>Kunden er forpligtet til at give alle n\u00f8dvendige oplysninger og dokumenter, der er n\u00f8dvendige for at levere ydelserne. Dette sker med en opsigelsesfrist p\u00e5 14 dage. Hvis kunden ikke opfylder sine forpligtelser, kan bureauet fakturere det fulde fakturabel\u00f8b. Kunden garanterer, at han har alle n\u00f8dvendige rettigheder til de udleverede dokumenter.<\/p>\n<!-- \/wp:paragraph --><!-- wp:heading {\"level\":4} -->\n<h5 class=\"wp-block-heading\">5. Erstatning<\/h5>\n<!-- \/wp:heading --><!-- wp:paragraph -->\n<p>Bureauets vederlag er baseret p\u00e5 ordrebekr\u00e6ftelsen. Priserne er eksklusiv lovpligtig moms. Hvis der sker \u00e6ndringer i omfanget af ordren eller till\u00e6gsydelser, vil vederlaget blive tilpasset i overensstemmelse hermed. For ordreforl\u00e6ngelse g\u00e6lder bureauets oplyste timepris.<\/p>\n<!-- \/wp:paragraph --><!-- wp:heading {\"level\":4} -->\n<h5 class=\"wp-block-heading\">6. Betalingsbetingelser<\/h5>\n<!-- \/wp:heading --><!-- wp:paragraph -->\n<p>Medmindre andet er aftalt, udstedes fakturaen for det fulde bel\u00f8b og umiddelbart efter ordrebekr\u00e6ftelse. Betaling skal ske inden for 14 dage fra fakturadato. Ved forsinket betaling er styrelsen berettiget til at opkr\u00e6ve morarenter med 5 procentpoint over den respektive grundrente.<\/p>\n<!-- \/wp:paragraph --><!-- wp:heading {\"level\":4} -->\n<h5 class=\"wp-block-heading\">7. Ansvar<\/h5>\n<!-- \/wp:heading --><!-- wp:paragraph -->\n<p>Bureauet er ansvarlig for fors\u00e6t og groft uagtsomhed. Ansvar for simpel uagtsomhed er udelukket, forudsat at ingen v\u00e6sentlige kontraktlige forpligtelser kr\u00e6nkes. Agenturet er ikke ansvarlig for skader, der opst\u00e5r som f\u00f8lge af brugen af tredjepartssoftware eller -tjenester.<\/p>\n<!-- \/wp:paragraph --><!-- wp:heading {\"level\":4} -->\n<h5 class=\"wp-block-heading\">8. Copyright &amp; brugsret<\/h5>\n<!-- \/wp:heading --><!-- wp:paragraph -->\n<p>Bureauet forbeholder sig ophavsretten til de skabte v\u00e6rker, indtil fuld betaling er modtaget. Brugsretten overg\u00e5r f\u00f8rst til klienten ved modtagelse af det fulde fakturabel\u00f8b.<\/p>\n<!-- \/wp:paragraph --><!-- wp:heading {\"level\":4} -->\n<h5 class=\"wp-block-heading\">9. Fortrolighed<\/h5>\n<!-- \/wp:heading --><!-- wp:paragraph -->\n<p>Bureauet forpligter sig til at hemmeligholde alle fortrolige oplysninger om kunden, som det f\u00e5r kendskab til som led i ordren. Det samme g\u00e6lder for kunden.<\/p>\n<!-- \/wp:paragraph --><!-- wp:heading {\"level\":4} -->\n<h5 class=\"wp-block-heading\">10. Databeskyttelse<\/h5>\n<!-- \/wp:heading --><!-- wp:paragraph -->\n<p>Agenturet forpligter sig til at overholde databeskyttelsesforskrifterne og til at behandle alle personlige data indsamlet som en del af ordren fortroligt.<\/p>\n<!-- \/wp:paragraph --><!-- wp:heading {\"level\":4} -->\n<h5 class=\"wp-block-heading\">11. Afsluttende bestemmelse<\/h5>\n<!-- \/wp:heading --><!-- wp:paragraph -->\n<p>Hvis individuelle bestemmelser i disse generelle vilk\u00e5r og betingelser er eller bliver ineffektive, vil dette ikke p\u00e5virke effektiviteten af de resterende bestemmelser. Loven i Forbundsrepublikken Tyskland. Udf\u00f8relsesstedet og jurisdiktionen er agenturets hovedkvarter.<\/p>\n<!-- \/wp:paragraph -->\t\t\t\t\t\t<\/div>\n\t\t\t\t<\/div>\n\t\t\t\t\t<\/div>\n\t\t<\/div>\n\t\t\t\t\t<\/div>\n\t\t<\/section>\n\t\t\t\t<\/div>","protected":false},"excerpt":{"rendered":"<p>Allgemeine Gesch\u00e4ftsbedingungen \u00a0 1. Geltungsbereich Diese AGB gelten f\u00fcr s\u00e4mtliche Gesch\u00e4ftsbeziehungen zwischen der Oliversuite GmbH und dem Kunden. 2. Vertragsabschluss Ein Vertrag kommt durch die schriftliche oder m\u00fcndliche Bestellung des Kunden und die Best\u00e4tigung durch die Agentur zustande. Als Grundlage f\u00fcr den Abschluss gilt die vom Kunden unterschriebene Auftragsbest\u00e4tigung oder ein unterschriebenes Angebot. 3. Leistungen &hellip;<\/p>\n<p class=\"read-more\"> <a class=\"\" href=\"https:\/\/easy-reservations.de\/da\/betingelser\/\"> <span class=\"screen-reader-text\">Betingelser<\/span> L\u00e6s mere &raquo;<\/a><\/p>","protected":false},"author":6,"featured_media":0,"parent":0,"menu_order":0,"comment_status":"closed","ping_status":"closed","template":"","meta":{"site-sidebar-layout":"default","site-content-layout":"default","ast-global-header-display":"","ast-banner-title-visibility":"","ast-main-header-display":"","ast-hfb-above-header-display":"","ast-hfb-below-header-display":"","ast-hfb-mobile-header-display":"","site-post-title":"","ast-breadcrumbs-content":"","ast-featured-img":"","footer-sml-layout":"","theme-transparent-header-meta":"","adv-header-id-meta":"","stick-header-meta":"","header-above-stick-meta":"","header-main-stick-meta":"","header-below-stick-meta":"","footnotes":""},"categories":[],"tags":[],"yoast_head":"<!-- This site is optimized with the Yoast SEO plugin v22.9 - https:\/\/yoast.com\/wordpress\/plugins\/seo\/ -->\n<title>AGB: Grundlage unseres Reservierungssoftware-Services<\/title>\n<meta name=\"description\" content=\"Lesen Sie die Allgemeinen Gesch\u00e4ftsbedingungen f\u00fcr die Nutzung unserer Gastronomie Management Software.\" \/>\n<meta name=\"robots\" content=\"noindex, nofollow\" \/>\n<meta property=\"og:locale\" content=\"da_DK\" \/>\n<meta property=\"og:type\" content=\"article\" \/>\n<meta property=\"og:title\" content=\"AGB: Grundlage unseres Reservierungssoftware-Services\" \/>\n<meta property=\"og:description\" content=\"Lesen Sie die Allgemeinen Gesch\u00e4ftsbedingungen f\u00fcr die Nutzung unserer Gastronomie Management Software.\" \/>\n<meta property=\"og:url\" content=\"https:\/\/easy-reservations.de\/da\/betingelser\/\" \/>\n<meta property=\"og:site_name\" content=\"EasyReservations\" \/>\n<meta property=\"article:modified_time\" content=\"2024-01-25T11:08:07+00:00\" \/>\n<meta name=\"twitter:card\" content=\"summary_large_image\" \/>\n<meta name=\"twitter:label1\" content=\"Estimeret l\u00e6setid\" \/>\n\t<meta name=\"twitter:data1\" content=\"2 minutter\" \/>\n<script type=\"application\/ld+json\" class=\"yoast-schema-graph\">{\"@context\":\"https:\/\/schema.org\",\"@graph\":[{\"@type\":\"WebPage\",\"@id\":\"https:\/\/easy-reservations.de\/agb\/\",\"url\":\"https:\/\/easy-reservations.de\/agb\/\",\"name\":\"AGB: Grundlage unseres Reservierungssoftware-Services\",\"isPartOf\":{\"@id\":\"https:\/\/easy-reservations.de\/nb\/#website\"},\"datePublished\":\"2024-01-23T11:28:02+00:00\",\"dateModified\":\"2024-01-25T11:08:07+00:00\",\"description\":\"Lesen Sie die Allgemeinen Gesch\u00e4ftsbedingungen f\u00fcr die Nutzung unserer Gastronomie Management Software.\",\"breadcrumb\":{\"@id\":\"https:\/\/easy-reservations.de\/agb\/#breadcrumb\"},\"inLanguage\":\"da-DK\",\"potentialAction\":[{\"@type\":\"ReadAction\",\"target\":[\"https:\/\/easy-reservations.de\/agb\/\"]}]},{\"@type\":\"BreadcrumbList\",\"@id\":\"https:\/\/easy-reservations.de\/agb\/#breadcrumb\",\"itemListElement\":[{\"@type\":\"ListItem\",\"position\":1,\"name\":\"Startseite\",\"item\":\"https:\/\/easy-reservations.de\/\"},{\"@type\":\"ListItem\",\"position\":2,\"name\":\"AGB\"}]},{\"@type\":\"WebSite\",\"@id\":\"https:\/\/easy-reservations.de\/nb\/#website\",\"url\":\"https:\/\/easy-reservations.de\/nb\/\",\"name\":\"EasyReservations\",\"description\":\"Digitale Tischverwaltung\",\"publisher\":{\"@id\":\"https:\/\/easy-reservations.de\/nb\/#organization\"},\"potentialAction\":[{\"@type\":\"SearchAction\",\"target\":{\"@type\":\"EntryPoint\",\"urlTemplate\":\"https:\/\/easy-reservations.de\/nb\/?s={search_term_string}\"},\"query-input\":\"required name=search_term_string\"}],\"inLanguage\":\"da-DK\"},{\"@type\":\"Organization\",\"@id\":\"https:\/\/easy-reservations.de\/nb\/#organization\",\"name\":\"EasyReservations\",\"url\":\"https:\/\/easy-reservations.de\/nb\/\",\"logo\":{\"@type\":\"ImageObject\",\"inLanguage\":\"da-DK\",\"@id\":\"https:\/\/easy-reservations.de\/nb\/#\/schema\/logo\/image\/\",\"url\":\"https:\/\/easy-reservations.de\/wp-content\/uploads\/2023\/02\/cropped-Zeichenflaeche-2-Kopie.png\",\"contentUrl\":\"https:\/\/easy-reservations.de\/wp-content\/uploads\/2023\/02\/cropped-Zeichenflaeche-2-Kopie.png\",\"width\":1813,\"height\":207,\"caption\":\"EasyReservations\"},\"image\":{\"@id\":\"https:\/\/easy-reservations.de\/nb\/#\/schema\/logo\/image\/\"}}]}<\/script>\n<!-- \/ Yoast SEO plugin. -->","yoast_head_json":{"title":"AGB: Grundlage unseres Reservierungssoftware-Services","description":"Lesen Sie die Allgemeinen Gesch\u00e4ftsbedingungen f\u00fcr die Nutzung unserer Gastronomie Management Software.","robots":{"index":"noindex","follow":"nofollow"},"og_locale":"da_DK","og_type":"article","og_title":"AGB: Grundlage unseres Reservierungssoftware-Services","og_description":"Lesen Sie die Allgemeinen Gesch\u00e4ftsbedingungen f\u00fcr die Nutzung unserer Gastronomie Management Software.","og_url":"https:\/\/easy-reservations.de\/da\/betingelser\/","og_site_name":"EasyReservations","article_modified_time":"2024-01-25T11:08:07+00:00","twitter_card":"summary_large_image","twitter_misc":{"Estimeret l\u00e6setid":"2 minutter"},"schema":{"@context":"https:\/\/schema.org","@graph":[{"@type":"WebPage","@id":"https:\/\/easy-reservations.de\/agb\/","url":"https:\/\/easy-reservations.de\/agb\/","name":"AGB: Grundlage unseres Reservierungssoftware-Services","isPartOf":{"@id":"https:\/\/easy-reservations.de\/nb\/#website"},"datePublished":"2024-01-23T11:28:02+00:00","dateModified":"2024-01-25T11:08:07+00:00","description":"Lesen Sie die Allgemeinen Gesch\u00e4ftsbedingungen f\u00fcr die Nutzung unserer Gastronomie Management Software.","breadcrumb":{"@id":"https:\/\/easy-reservations.de\/agb\/#breadcrumb"},"inLanguage":"da-DK","potentialAction":[{"@type":"ReadAction","target":["https:\/\/easy-reservations.de\/agb\/"]}]},{"@type":"BreadcrumbList","@id":"https:\/\/easy-reservations.de\/agb\/#breadcrumb","itemListElement":[{"@type":"ListItem","position":1,"name":"Startseite","item":"https:\/\/easy-reservations.de\/"},{"@type":"ListItem","position":2,"name":"AGB"}]},{"@type":"WebSite","@id":"https:\/\/easy-reservations.de\/nb\/#website","url":"https:\/\/easy-reservations.de\/nb\/","name":"EasyReservations","description":"Digitale Tischverwaltung","publisher":{"@id":"https:\/\/easy-reservations.de\/nb\/#organization"},"potentialAction":[{"@type":"SearchAction","target":{"@type":"EntryPoint","urlTemplate":"https:\/\/easy-reservations.de\/nb\/?s={search_term_string}"},"query-input":"required name=search_term_string"}],"inLanguage":"da-DK"},{"@type":"Organization","@id":"https:\/\/easy-reservations.de\/nb\/#organization","name":"EasyReservations","url":"https:\/\/easy-reservations.de\/nb\/","logo":{"@type":"ImageObject","inLanguage":"da-DK","@id":"https:\/\/easy-reservations.de\/nb\/#\/schema\/logo\/image\/","url":"https:\/\/easy-reservations.de\/wp-content\/uploads\/2023\/02\/cropped-Zeichenflaeche-2-Kopie.png","contentUrl":"https:\/\/easy-reservations.de\/wp-content\/uploads\/2023\/02\/cropped-Zeichenflaeche-2-Kopie.png","width":1813,"height":207,"caption":"EasyReservations"},"image":{"@id":"https:\/\/easy-reservations.de\/nb\/#\/schema\/logo\/image\/"}}]}},"_links":{"self":[{"href":"https:\/\/easy-reservations.de\/da\/wp-json\/wp\/v2\/pages\/10182"}],"collection":[{"href":"https:\/\/easy-reservations.de\/da\/wp-json\/wp\/v2\/pages"}],"about":[{"href":"https:\/\/easy-reservations.de\/da\/wp-json\/wp\/v2\/types\/page"}],"author":[{"embeddable":true,"href":"https:\/\/easy-reservations.de\/da\/wp-json\/wp\/v2\/users\/6"}],"replies":[{"embeddable":true,"href":"https:\/\/easy-reservations.de\/da\/wp-json\/wp\/v2\/comments?post=10182"}],"version-history":[{"count":0,"href":"https:\/\/easy-reservations.de\/da\/wp-json\/wp\/v2\/pages\/10182\/revisions"}],"wp:attachment":[{"href":"https:\/\/easy-reservations.de\/da\/wp-json\/wp\/v2\/media?parent=10182"}],"wp:term":[{"taxonomy":"category","embeddable":true,"href":"https:\/\/easy-reservations.de\/da\/wp-json\/wp\/v2\/categories?post=10182"},{"taxonomy":"post_tag","embeddable":true,"href":"https:\/\/easy-reservations.de\/da\/wp-json\/wp\/v2\/tags?post=10182"}],"curies":[{"name":"wp","href":"https:\/\/api.w.org\/{rel}","templated":true}]}}